{"id":2257,"date":"2020-10-14T18:10:42","date_gmt":"2020-10-14T16:10:42","guid":{"rendered":"https:\/\/artburomaroc.com\/?product=art-ar-09"},"modified":"2025-09-16T16:37:40","modified_gmt":"2025-09-16T14:37:40","slug":"art-ar-09","status":"publish","type":"product","link":"https:\/\/artburomaroc.com\/?product=art-ar-09","title":{"rendered":"ART-AR-08"},"content":{"rendered":"<p><strong><u>GAMME ART-AR-08 :<\/u><\/strong><\/p>\n<p>CANAPE en cuir PU<\/p>\n<p>&#8211; Pi\u00e9tement R\u00e9ctangulaire chrom\u00e9<\/p>\n<p>PREF : ART-AR-08-1 &#8211; 1 PLACE<\/p>\n<p>PREF : ART-AR-08-2 &#8211; 2 PLACES<\/p>\n<p>PREF : ART-AR-08-3 &#8211; 3 PLACES<\/p>\n","protected":false},"excerpt":{"rendered":"<p>GAMME ART-AR-08 : CANAPE en cuir PU &#8211; Pi\u00e9tement R\u00e9ctangulaire chrom\u00e9 PREF : ART-AR-08-1 &#8211; 1 PLACE PREF : ART-AR-08-2 &#8211; 2 PLACES PREF : ART-AR-08-3 &#8211; 3 PLACES<\/p>\n","protected":false},"featured_media":9249,"comment_status":"open","ping_status":"closed","template":"","meta":[],"class_list":{"0":"post-2257","1":"product","2":"type-product","3":"status-publish","4":"has-post-thumbnail","6":"product_cat-accueil-reception","7":"product_cat-attente-reception","10":"instock","11":"shipping-taxable","12":"purchasable","13":"product-type-simple"},"_links":{"self":[{"href":"https:\/\/artburomaroc.com\/index.php?rest_route=\/wp\/v2\/product\/2257","targetHints":{"allow":["GET"]}}],"collection":[{"href":"https:\/\/artburomaroc.com\/index.php?rest_route=\/wp\/v2\/product"}],"about":[{"href":"https:\/\/artburomaroc.com\/index.php?rest_route=\/wp\/v2\/types\/product"}],"replies":[{"embeddable":true,"href":"https:\/\/artburomaroc.com\/index.php?rest_route=%2Fwp%2Fv2%2Fcomments&post=2257"}],"wp:featuredmedia":[{"embeddable":true,"href":"https:\/\/artburomaroc.com\/index.php?rest_route=\/wp\/v2\/media\/9249"}],"wp:attachment":[{"href":"https:\/\/artburomaroc.com\/index.php?rest_route=%2Fwp%2Fv2%2Fmedia&parent=2257"}],"curies":[{"name":"wp","href":"https:\/\/api.w.org\/{rel}","templated":true}]}}