{"id":2236,"date":"2020-10-14T17:09:52","date_gmt":"2020-10-14T15:09:52","guid":{"rendered":"https:\/\/artburomaroc.com\/?product=art-ta-09-3"},"modified":"2025-12-11T21:18:08","modified_gmt":"2025-12-11T20:18:08","slug":"art-ta-09-3","status":"publish","type":"product","link":"https:\/\/artburomaroc.com\/?product=art-ta-09-3","title":{"rendered":"ART-TA-4"},"content":{"rendered":"<p>TABOURET <strong>GAMME ART-TA-04<\/strong>\u00a0:<\/p>\n<p>P REF : ART-TA-04 Tabouret<\/p>\n<p>&#8211; Pi\u00e9tement\u00a05 branches NOIR<\/p>\n<p>&#8211; R\u00e9glage en hauteur par v\u00e9rin \u00e0 gaz<\/p>\n<p>&#8211; ASSISE CIRCULAIRE<\/p>\n<p>&#8211; Finition en cuir pu<\/p>\n","protected":false},"excerpt":{"rendered":"<p>TABOURET GAMME ART-TA-04\u00a0: P REF : ART-TA-04 Tabouret &#8211; Pi\u00e9tement\u00a05 branches NOIR &#8211; R\u00e9glage en hauteur par v\u00e9rin \u00e0 gaz &#8211; ASSISE CIRCULAIRE &#8211; Finition en cuir pu<\/p>\n","protected":false},"featured_media":9240,"comment_status":"open","ping_status":"closed","template":"","meta":[],"class_list":{"0":"post-2236","1":"product","2":"type-product","3":"status-publish","4":"has-post-thumbnail","6":"product_cat-sieges-de-bureau","7":"product_cat-fauteuils-tabouret","10":"instock","11":"shipping-taxable","12":"purchasable","13":"product-type-simple"},"_links":{"self":[{"href":"https:\/\/artburomaroc.com\/index.php?rest_route=\/wp\/v2\/product\/2236","targetHints":{"allow":["GET"]}}],"collection":[{"href":"https:\/\/artburomaroc.com\/index.php?rest_route=\/wp\/v2\/product"}],"about":[{"href":"https:\/\/artburomaroc.com\/index.php?rest_route=\/wp\/v2\/types\/product"}],"replies":[{"embeddable":true,"href":"https:\/\/artburomaroc.com\/index.php?rest_route=%2Fwp%2Fv2%2Fcomments&post=2236"}],"wp:featuredmedia":[{"embeddable":true,"href":"https:\/\/artburomaroc.com\/index.php?rest_route=\/wp\/v2\/media\/9240"}],"wp:attachment":[{"href":"https:\/\/artburomaroc.com\/index.php?rest_route=%2Fwp%2Fv2%2Fmedia&parent=2236"}],"curies":[{"name":"wp","href":"https:\/\/api.w.org\/{rel}","templated":true}]}}