{"id":2235,"date":"2020-10-14T17:07:06","date_gmt":"2020-10-14T15:07:06","guid":{"rendered":"https:\/\/artburomaroc.com\/?product=art-ta-09-1-2"},"modified":"2025-05-02T05:42:52","modified_gmt":"2025-05-02T03:42:52","slug":"art-ta-09-1-2","status":"publish","type":"product","link":"https:\/\/artburomaroc.com\/?product=art-ta-09-1-2","title":{"rendered":"ART-TA-1"},"content":{"rendered":"<p><strong>REF ART-TA-09-1 Tabouret avec repose pieds<\/strong><\/p>\n<p>&#8211; Pi\u00e9tement\u00a05 branches CHROMEES OU NYLON<\/p>\n<p>&#8211; R\u00e9glage en hauteur par v\u00e9rin \u00e0 gaz<\/p>\n<p>&#8211; Repose pieds r\u00e9glable<\/p>\n<p>&#8211; Finition en polyur\u00e9thanne<\/p>\n","protected":false},"excerpt":{"rendered":"<p>REF ART-TA-09-1 Tabouret avec repose pieds &#8211; Pi\u00e9tement\u00a05 branches CHROMEES OU NYLON &#8211; R\u00e9glage en hauteur par v\u00e9rin \u00e0 gaz &#8211; Repose pieds r\u00e9glable &#8211; Finition en polyur\u00e9thanne<\/p>\n","protected":false},"featured_media":9239,"comment_status":"open","ping_status":"closed","template":"","meta":[],"class_list":{"0":"post-2235","1":"product","2":"type-product","3":"status-publish","4":"has-post-thumbnail","6":"product_cat-sieges-de-bureau","7":"product_cat-fauteuils-tabouret","10":"instock","11":"shipping-taxable","12":"purchasable","13":"product-type-simple"},"_links":{"self":[{"href":"https:\/\/artburomaroc.com\/index.php?rest_route=\/wp\/v2\/product\/2235","targetHints":{"allow":["GET"]}}],"collection":[{"href":"https:\/\/artburomaroc.com\/index.php?rest_route=\/wp\/v2\/product"}],"about":[{"href":"https:\/\/artburomaroc.com\/index.php?rest_route=\/wp\/v2\/types\/product"}],"replies":[{"embeddable":true,"href":"https:\/\/artburomaroc.com\/index.php?rest_route=%2Fwp%2Fv2%2Fcomments&post=2235"}],"wp:featuredmedia":[{"embeddable":true,"href":"https:\/\/artburomaroc.com\/index.php?rest_route=\/wp\/v2\/media\/9239"}],"wp:attachment":[{"href":"https:\/\/artburomaroc.com\/index.php?rest_route=%2Fwp%2Fv2%2Fmedia&parent=2235"}],"curies":[{"name":"wp","href":"https:\/\/api.w.org\/{rel}","templated":true}]}}