{"id":2231,"date":"2020-10-14T16:28:49","date_gmt":"2020-10-14T14:28:49","guid":{"rendered":"https:\/\/artburomaroc.com\/?product=art-ta-09-1"},"modified":"2026-04-14T01:21:36","modified_gmt":"2026-04-13T23:21:36","slug":"art-ta-09-1","status":"publish","type":"product","link":"https:\/\/artburomaroc.com\/?product=art-ta-09-1","title":{"rendered":"ART-TA-2"},"content":{"rendered":"<p><strong>ART-TA-02 Tabouret avec ACCOUDOIRS<\/strong><\/p>\n<p>&#8211; Pi\u00e9tement\u00a05 branches EN NYLON<\/p>\n<p>&#8211; R\u00e9glage en hauteur par v\u00e9rin \u00e0 gaz<\/p>\n<p>&#8211; Repose pieds r\u00e9glable<\/p>\n<p>&#8211; Finition en TISSU<\/p>\n<p>&nbsp;<\/p>\n<p>&nbsp;<\/p>\n","protected":false},"excerpt":{"rendered":"<p>ART-TA-02 Tabouret avec ACCOUDOIRS &#8211; Pi\u00e9tement\u00a05 branches EN NYLON &#8211; R\u00e9glage en hauteur par v\u00e9rin \u00e0 gaz &#8211; Repose pieds r\u00e9glable &#8211; Finition en TISSU &nbsp; &nbsp;<\/p>\n","protected":false},"featured_media":9238,"comment_status":"open","ping_status":"closed","template":"","meta":[],"class_list":{"0":"post-2231","1":"product","2":"type-product","3":"status-publish","4":"has-post-thumbnail","6":"product_cat-sieges-de-bureau","7":"product_cat-fauteuils-tabouret","10":"instock","11":"shipping-taxable","12":"purchasable","13":"product-type-simple"},"_links":{"self":[{"href":"https:\/\/artburomaroc.com\/index.php?rest_route=\/wp\/v2\/product\/2231","targetHints":{"allow":["GET"]}}],"collection":[{"href":"https:\/\/artburomaroc.com\/index.php?rest_route=\/wp\/v2\/product"}],"about":[{"href":"https:\/\/artburomaroc.com\/index.php?rest_route=\/wp\/v2\/types\/product"}],"replies":[{"embeddable":true,"href":"https:\/\/artburomaroc.com\/index.php?rest_route=%2Fwp%2Fv2%2Fcomments&post=2231"}],"wp:featuredmedia":[{"embeddable":true,"href":"https:\/\/artburomaroc.com\/index.php?rest_route=\/wp\/v2\/media\/9238"}],"wp:attachment":[{"href":"https:\/\/artburomaroc.com\/index.php?rest_route=%2Fwp%2Fv2%2Fmedia&parent=2231"}],"curies":[{"name":"wp","href":"https:\/\/api.w.org\/{rel}","templated":true}]}}