{"id":2214,"date":"2020-10-14T14:01:13","date_gmt":"2020-10-14T12:01:13","guid":{"rendered":"https:\/\/artburomaroc.com\/?product=art-fc-06"},"modified":"2026-05-06T16:23:17","modified_gmt":"2026-05-06T14:23:17","slug":"art-fc-06","status":"publish","type":"product","link":"https:\/\/artburomaroc.com\/?product=art-fc-06","title":{"rendered":"ART-FC-06"},"content":{"rendered":"<p>REF : ART-FC-06 Fauteuil Dossier haut AVEC TETIERE INTEGREE<\/p>\n<p>&#8211; roulant basculant<\/p>\n<p>&#8211; R\u00e9glable en hauteur<\/p>\n<p>&#8211; Pi\u00e9tement 5 branches en polyur\u00e9thane OU CHROMEES<\/p>\n<p>&#8211; Finition en Cuir PU ou Tissu<\/p>\n<p>ART-FC-06-1 Fauteuil Dossier STANDARD<\/p>\n<p>&#8211; Pi\u00e9tement LUGE<\/p>\n","protected":false},"excerpt":{"rendered":"<p>REF : ART-FC-06 Fauteuil Dossier haut AVEC TETIERE INTEGREE &#8211; roulant basculant &#8211; R\u00e9glable en hauteur &#8211; Pi\u00e9tement 5 branches en polyur\u00e9thane OU CHROMEES &#8211; Finition en Cuir PU ou Tissu ART-FC-06-1 Fauteuil Dossier STANDARD &#8211; Pi\u00e9tement LUGE<\/p>\n","protected":false},"featured_media":9225,"comment_status":"open","ping_status":"closed","template":"","meta":[],"class_list":{"0":"post-2214","1":"product","2":"type-product","3":"status-publish","4":"has-post-thumbnail","6":"product_cat-sieges-de-bureau","7":"product_cat-fauteuils-collaborateur","10":"instock","11":"shipping-taxable","12":"purchasable","13":"product-type-simple"},"_links":{"self":[{"href":"https:\/\/artburomaroc.com\/index.php?rest_route=\/wp\/v2\/product\/2214","targetHints":{"allow":["GET"]}}],"collection":[{"href":"https:\/\/artburomaroc.com\/index.php?rest_route=\/wp\/v2\/product"}],"about":[{"href":"https:\/\/artburomaroc.com\/index.php?rest_route=\/wp\/v2\/types\/product"}],"replies":[{"embeddable":true,"href":"https:\/\/artburomaroc.com\/index.php?rest_route=%2Fwp%2Fv2%2Fcomments&post=2214"}],"wp:featuredmedia":[{"embeddable":true,"href":"https:\/\/artburomaroc.com\/index.php?rest_route=\/wp\/v2\/media\/9225"}],"wp:attachment":[{"href":"https:\/\/artburomaroc.com\/index.php?rest_route=%2Fwp%2Fv2%2Fmedia&parent=2214"}],"curies":[{"name":"wp","href":"https:\/\/api.w.org\/{rel}","templated":true}]}}