{"id":2204,"date":"2020-10-14T13:49:24","date_gmt":"2020-10-14T11:49:24","guid":{"rendered":"https:\/\/artburomaroc.com\/?product=art-fc-03-copie"},"modified":"2025-07-17T06:52:09","modified_gmt":"2025-07-17T04:52:09","slug":"art-fc-03-copie","status":"publish","type":"product","link":"https:\/\/artburomaroc.com\/?product=art-fc-03-copie","title":{"rendered":"ART-FC-04"},"content":{"rendered":"<p>FAUTEUIL COLLABORATEUR <strong>GAMME ART-FC-04 :<\/strong><\/p>\n<p>FAUTEUIL DOSSIER STANDARD<\/p>\n<p>&#8211; PI\u00c9TEMENT 5 BRANCHES SUR ROULETTES<\/p>\n<p>&#8211; R\u00c9GLAGE DE LA HAUTEUR D&rsquo;ASSISE PAR V\u00c9RIN LIFT \u00c0 GAZ<\/p>\n<p>&#8211; DOSSIER ET ASSISE EN TISSU<\/p>\n<p>&nbsp;<\/p>\n<p>&nbsp;<\/p>\n","protected":false},"excerpt":{"rendered":"<p>FAUTEUIL COLLABORATEUR GAMME ART-FC-04 : FAUTEUIL DOSSIER STANDARD &#8211; PI\u00c9TEMENT 5 BRANCHES SUR ROULETTES &#8211; R\u00c9GLAGE DE LA HAUTEUR D&rsquo;ASSISE PAR V\u00c9RIN LIFT \u00c0 GAZ &#8211; DOSSIER ET ASSISE EN TISSU &nbsp; &nbsp;<\/p>\n","protected":false},"featured_media":10179,"comment_status":"open","ping_status":"closed","template":"","meta":[],"class_list":{"0":"post-2204","1":"product","2":"type-product","3":"status-publish","4":"has-post-thumbnail","6":"product_cat-sieges-de-bureau","7":"product_cat-fauteuils-collaborateur","10":"instock","11":"shipping-taxable","12":"purchasable","13":"product-type-simple"},"_links":{"self":[{"href":"https:\/\/artburomaroc.com\/index.php?rest_route=\/wp\/v2\/product\/2204","targetHints":{"allow":["GET"]}}],"collection":[{"href":"https:\/\/artburomaroc.com\/index.php?rest_route=\/wp\/v2\/product"}],"about":[{"href":"https:\/\/artburomaroc.com\/index.php?rest_route=\/wp\/v2\/types\/product"}],"replies":[{"embeddable":true,"href":"https:\/\/artburomaroc.com\/index.php?rest_route=%2Fwp%2Fv2%2Fcomments&post=2204"}],"wp:featuredmedia":[{"embeddable":true,"href":"https:\/\/artburomaroc.com\/index.php?rest_route=\/wp\/v2\/media\/10179"}],"wp:attachment":[{"href":"https:\/\/artburomaroc.com\/index.php?rest_route=%2Fwp%2Fv2%2Fmedia&parent=2204"}],"curies":[{"name":"wp","href":"https:\/\/api.w.org\/{rel}","templated":true}]}}