{"id":2196,"date":"2020-10-14T13:35:52","date_gmt":"2020-10-14T11:35:52","guid":{"rendered":"https:\/\/artburomaroc.com\/?product=art-fc-01"},"modified":"2026-04-01T23:43:02","modified_gmt":"2026-04-01T21:43:02","slug":"art-fc-01","status":"publish","type":"product","link":"https:\/\/artburomaroc.com\/?product=art-fc-01","title":{"rendered":"ART-FC-01"},"content":{"rendered":"<p>FAUTEUIL COLLABORATEUR <strong>GAMME ART-FC-01<\/strong> :<\/p>\n<p>PREF\u00a0: ART-FC-01-1 FAUTEUIL DOSSIER STANDARD RESILLE ET TISSU NOIR<\/p>\n<p>&#8211; PI\u00c9TEMENT 5 BRANCHES EN ALUMINIUM POLI SUR ROULETTES<\/p>\n<p>&#8211; R\u00c9GLAGE DE LA HAUTEUR D&rsquo;ASSISE PAR V\u00c9RIN LIFT \u00c0 GAZ<\/p>\n<p>&#8211; M\u00c9CANISME SYNCHRONE<\/p>\n<p>&#8211; ACCOUDOIRS EN POLYPROPYL\u00c8NE R\u00c9GLABLES<\/p>\n<p>&#8211; DOSSIER EN R\u00c9SILLE<\/p>\n<p>&#8211; ASSISE EN TISSU NOIR<\/p>\n<p>PREF\u00a0: ART-FC-01-2 FAUTEUIL DOSSIER STANDARD en tissu<\/p>\n<p>&#8211; PIETEMENT 5 BRANCHES EN ALUMINIUM POLI SUR ROULETTES<\/p>\n<p>&#8211; COQUE EN POLYPROPYLENE NOIR<\/p>\n<p>&#8211; REGLAGE DE LA HAUTEUR D&rsquo;ASSISE PAR VERIN LIFT A GAZ<\/p>\n<p>&#8211; MECANISME SYNCHRONE AVEC 3 POSITIONS<\/p>\n<p>&#8211; ACCOUDOIRS EN POLYPROPYLENE REGLABLES<\/p>\n<p>&#8211; DOSSIER et assise EN tissu noir<\/p>\n<p>&nbsp;<\/p>\n","protected":false},"excerpt":{"rendered":"<p>FAUTEUIL COLLABORATEUR GAMME ART-FC-01 : PREF\u00a0: ART-FC-01-1 FAUTEUIL DOSSIER STANDARD RESILLE ET TISSU NOIR &#8211; PI\u00c9TEMENT 5 BRANCHES EN ALUMINIUM POLI SUR ROULETTES &#8211; R\u00c9GLAGE DE LA HAUTEUR D&rsquo;ASSISE PAR V\u00c9RIN LIFT \u00c0 GAZ &#8211; M\u00c9CANISME SYNCHRONE &#8211; ACCOUDOIRS EN POLYPROPYL\u00c8NE R\u00c9GLABLES &#8211; DOSSIER EN R\u00c9SILLE &#8211; ASSISE EN TISSU NOIR PREF\u00a0: ART-FC-01-2 FAUTEUIL DOSSIER &hellip; <a href=\"https:\/\/artburomaroc.com\/?product=art-fc-01\" class=\"more-link\">Continue reading <span class=\"screen-reader-text\">ART-FC-01<\/span><\/a><\/p>\n","protected":false},"featured_media":10170,"comment_status":"open","ping_status":"closed","template":"","meta":[],"class_list":{"0":"post-2196","1":"product","2":"type-product","3":"status-publish","4":"has-post-thumbnail","6":"product_cat-sieges-de-bureau","7":"product_cat-fauteuils-collaborateur","10":"instock","11":"shipping-taxable","12":"purchasable","13":"product-type-simple"},"_links":{"self":[{"href":"https:\/\/artburomaroc.com\/index.php?rest_route=\/wp\/v2\/product\/2196","targetHints":{"allow":["GET"]}}],"collection":[{"href":"https:\/\/artburomaroc.com\/index.php?rest_route=\/wp\/v2\/product"}],"about":[{"href":"https:\/\/artburomaroc.com\/index.php?rest_route=\/wp\/v2\/types\/product"}],"replies":[{"embeddable":true,"href":"https:\/\/artburomaroc.com\/index.php?rest_route=%2Fwp%2Fv2%2Fcomments&post=2196"}],"wp:featuredmedia":[{"embeddable":true,"href":"https:\/\/artburomaroc.com\/index.php?rest_route=\/wp\/v2\/media\/10170"}],"wp:attachment":[{"href":"https:\/\/artburomaroc.com\/index.php?rest_route=%2Fwp%2Fv2%2Fmedia&parent=2196"}],"curies":[{"name":"wp","href":"https:\/\/api.w.org\/{rel}","templated":true}]}}