{"id":2175,"date":"2020-10-13T18:52:54","date_gmt":"2020-10-13T16:52:54","guid":{"rendered":"https:\/\/artburomaroc.com\/?product=art-fd-03"},"modified":"2026-05-12T07:58:30","modified_gmt":"2026-05-12T05:58:30","slug":"art-fd-03","status":"publish","type":"product","link":"https:\/\/artburomaroc.com\/?product=art-fd-03","title":{"rendered":"ART-FD-03"},"content":{"rendered":"<p>FAUTEUIL DE DIRECTION <strong>GAMME ART-FD-03<\/strong> :<\/p>\n<p>REF : ART-FD-03-1 FAUTEUIL dossier HAUT AVEC TETIERE INT\u00c9GR\u00c9E<\/p>\n<p>&#8211; Pivotant, basculant<\/p>\n<p>&#8211; Avec fixation de position<\/p>\n<p>&#8211; R\u00e9glable DE LA hauteur D\u2019ASSISE PAR VERIN LIFT A GAZ,<\/p>\n<p>&#8211; Structure 5 branches en alu<\/p>\n<p>&#8211; Rev\u00eatement en cuir PU<\/p>\n<p>REF : ART-FD-03-2 FAUTEUIL dossier HAUT STANDARD<\/p>\n<p>&#8211; Pivotant, basculant<\/p>\n<p>&#8211; Avec fixation de position<\/p>\n<p>&#8211; R\u00e9glable DE LA hauteur D\u2019ASSISE PAR VERIN LIFT A GAZ,<\/p>\n<p>&#8211; Structure 5 branches en alu<\/p>\n<p>&#8211; Rev\u00eatement en cuir PU<\/p>\n<p>REF : ART-FD-03-3 FAUTEUIL dossier STANDARD<\/p>\n<ul>\n<li>Pi\u00e8tement luge<\/li>\n<\/ul>\n<p>&nbsp;<\/p>\n","protected":false},"excerpt":{"rendered":"<p>FAUTEUIL DE DIRECTION GAMME ART-FD-03 : REF : ART-FD-03-1 FAUTEUIL dossier HAUT AVEC TETIERE INT\u00c9GR\u00c9E &#8211; Pivotant, basculant &#8211; Avec fixation de position &#8211; R\u00e9glable DE LA hauteur D\u2019ASSISE PAR VERIN LIFT A GAZ, &#8211; Structure 5 branches en alu &#8211; Rev\u00eatement en cuir PU REF : ART-FD-03-2 FAUTEUIL dossier HAUT STANDARD &#8211; Pivotant, basculant &hellip; <a href=\"https:\/\/artburomaroc.com\/?product=art-fd-03\" class=\"more-link\">Continue reading <span class=\"screen-reader-text\">ART-FD-03<\/span><\/a><\/p>\n","protected":false},"featured_media":9197,"comment_status":"open","ping_status":"closed","template":"","meta":[],"class_list":{"0":"post-2175","1":"product","2":"type-product","3":"status-publish","4":"has-post-thumbnail","6":"product_cat-sieges-de-bureau","7":"product_cat-fauteuils-de-direction","10":"instock","11":"shipping-taxable","12":"purchasable","13":"product-type-simple"},"_links":{"self":[{"href":"https:\/\/artburomaroc.com\/index.php?rest_route=\/wp\/v2\/product\/2175","targetHints":{"allow":["GET"]}}],"collection":[{"href":"https:\/\/artburomaroc.com\/index.php?rest_route=\/wp\/v2\/product"}],"about":[{"href":"https:\/\/artburomaroc.com\/index.php?rest_route=\/wp\/v2\/types\/product"}],"replies":[{"embeddable":true,"href":"https:\/\/artburomaroc.com\/index.php?rest_route=%2Fwp%2Fv2%2Fcomments&post=2175"}],"wp:featuredmedia":[{"embeddable":true,"href":"https:\/\/artburomaroc.com\/index.php?rest_route=\/wp\/v2\/media\/9197"}],"wp:attachment":[{"href":"https:\/\/artburomaroc.com\/index.php?rest_route=%2Fwp%2Fv2%2Fmedia&parent=2175"}],"curies":[{"name":"wp","href":"https:\/\/api.w.org\/{rel}","templated":true}]}}