{"id":10229,"date":"2023-02-25T15:42:55","date_gmt":"2023-02-25T14:42:55","guid":{"rendered":"https:\/\/artburomaroc.com\/?post_type=product&#038;p=10229"},"modified":"2024-10-21T00:49:24","modified_gmt":"2024-10-20T22:49:24","slug":"art-arf-02","status":"publish","type":"product","link":"https:\/\/artburomaroc.com\/?product=art-arf-02","title":{"rendered":"ART-ARF-02"},"content":{"rendered":"<p><strong><u>GAMME ART-ARF-02<\/u><\/strong><\/p>\n<p>&#8211; Armoire forte, en t\u00f4le acier 1er choix formant une structure monobloc ind\u00e9formable, sans trace d\u2019assemblage ni soudure.<br \/>\n&#8211; Corps en 20\/10\u00e8me, porte \u00e9paisseur totale 70 mm.<br \/>\n&#8211; Blindage anti-per\u00e7age au mangan\u00e8se du syst\u00e8me de condamnation.<br \/>\n&#8211; Verrouillage actifs par p\u00eanes de condamnation tournants anti-sciage diam\u00e8tre 25 mm.<br \/>\n&#8211; 4 \u00e9tag\u00e8res incluses<br \/>\n&#8211; Angle d\u2019ouverture de porte 200\u00b0.<br \/>\n&#8211; Pr\u00e9par\u00e9e pour fixation au sol.0 kg<\/p>\n<p><strong>Volume :<\/strong>\u00a0510 litres \/\u00a0<strong>Poids :<\/strong>\u00a0130 kg<\/p>\n","protected":false},"excerpt":{"rendered":"<p>GAMME ART-ARF-02 &#8211; Armoire forte, en t\u00f4le acier 1er choix formant une structure monobloc ind\u00e9formable, sans trace d\u2019assemblage ni soudure. &#8211; Corps en 20\/10\u00e8me, porte \u00e9paisseur totale 70 mm. &#8211; Blindage anti-per\u00e7age au mangan\u00e8se du syst\u00e8me de condamnation. &#8211; Verrouillage actifs par p\u00eanes de condamnation tournants anti-sciage diam\u00e8tre 25 mm. &#8211; 4 \u00e9tag\u00e8res incluses &#8211; &hellip; <a href=\"https:\/\/artburomaroc.com\/?product=art-arf-02\" class=\"more-link\">Continue reading <span class=\"screen-reader-text\">ART-ARF-02<\/span><\/a><\/p>\n","protected":false},"featured_media":10230,"comment_status":"open","ping_status":"closed","template":"","meta":[],"class_list":{"0":"post-10229","1":"product","2":"type-product","3":"status-publish","4":"has-post-thumbnail","6":"product_cat-coffres-forts","9":"instock","10":"shipping-taxable","11":"purchasable","12":"product-type-simple"},"_links":{"self":[{"href":"https:\/\/artburomaroc.com\/index.php?rest_route=\/wp\/v2\/product\/10229","targetHints":{"allow":["GET"]}}],"collection":[{"href":"https:\/\/artburomaroc.com\/index.php?rest_route=\/wp\/v2\/product"}],"about":[{"href":"https:\/\/artburomaroc.com\/index.php?rest_route=\/wp\/v2\/types\/product"}],"replies":[{"embeddable":true,"href":"https:\/\/artburomaroc.com\/index.php?rest_route=%2Fwp%2Fv2%2Fcomments&post=10229"}],"wp:featuredmedia":[{"embeddable":true,"href":"https:\/\/artburomaroc.com\/index.php?rest_route=\/wp\/v2\/media\/10230"}],"wp:attachment":[{"href":"https:\/\/artburomaroc.com\/index.php?rest_route=%2Fwp%2Fv2%2Fmedia&parent=10229"}],"curies":[{"name":"wp","href":"https:\/\/api.w.org\/{rel}","templated":true}]}}