{"id":10227,"date":"2023-02-25T15:38:54","date_gmt":"2023-02-25T14:38:54","guid":{"rendered":"https:\/\/artburomaroc.com\/?post_type=product&#038;p=10227"},"modified":"2025-08-11T11:00:52","modified_gmt":"2025-08-11T09:00:52","slug":"art-arf-01-2","status":"publish","type":"product","link":"https:\/\/artburomaroc.com\/?product=art-arf-01-2","title":{"rendered":"ART-ARF-01"},"content":{"rendered":"<p><strong><u>GAMME ART-ARF-01<\/u><\/strong><\/p>\n<p>Armoire forte, en t\u00f4le acier 1er choix formant une structure monobloc ind\u00e9formable,<br \/>\nsans trace d\u2019assemblage ni soudure.<br \/>\n&#8211; Corps en 20\/10\u00e8me, porte \u00e9paisseur totale 70 mm.<br \/>\n&#8211; Blindage anti-per\u00e7age au mangan\u00e8se du syst\u00e8me de condamnation.<br \/>\n&#8211; Verrouillage actifs par p\u00eanes de condamnation tournants anti-sciage diam\u00e8tre 25 mm.<br \/>\n&#8211; 2 \u00e9tag\u00e8res incluses<br \/>\n&#8211; Angle d\u2019ouverture de porte 200\u00b0.<br \/>\n&#8211; Pr\u00e9par\u00e9e pour fixation au sol.<\/p>\n<p><strong>Volume :<\/strong>\u00a0510 litres \/\u00a0<strong>Poids :<\/strong>\u00a0130 kg<\/p>\n","protected":false},"excerpt":{"rendered":"<p>GAMME ART-ARF-01 Armoire forte, en t\u00f4le acier 1er choix formant une structure monobloc ind\u00e9formable, sans trace d\u2019assemblage ni soudure. &#8211; Corps en 20\/10\u00e8me, porte \u00e9paisseur totale 70 mm. &#8211; Blindage anti-per\u00e7age au mangan\u00e8se du syst\u00e8me de condamnation. &#8211; Verrouillage actifs par p\u00eanes de condamnation tournants anti-sciage diam\u00e8tre 25 mm. &#8211; 2 \u00e9tag\u00e8res incluses &#8211; Angle &hellip; <a href=\"https:\/\/artburomaroc.com\/?product=art-arf-01-2\" class=\"more-link\">Continue reading <span class=\"screen-reader-text\">ART-ARF-01<\/span><\/a><\/p>\n","protected":false},"featured_media":10228,"comment_status":"open","ping_status":"closed","template":"","meta":[],"class_list":{"0":"post-10227","1":"product","2":"type-product","3":"status-publish","4":"has-post-thumbnail","6":"product_cat-coffres-forts","9":"instock","10":"shipping-taxable","11":"purchasable","12":"product-type-simple"},"_links":{"self":[{"href":"https:\/\/artburomaroc.com\/index.php?rest_route=\/wp\/v2\/product\/10227","targetHints":{"allow":["GET"]}}],"collection":[{"href":"https:\/\/artburomaroc.com\/index.php?rest_route=\/wp\/v2\/product"}],"about":[{"href":"https:\/\/artburomaroc.com\/index.php?rest_route=\/wp\/v2\/types\/product"}],"replies":[{"embeddable":true,"href":"https:\/\/artburomaroc.com\/index.php?rest_route=%2Fwp%2Fv2%2Fcomments&post=10227"}],"wp:featuredmedia":[{"embeddable":true,"href":"https:\/\/artburomaroc.com\/index.php?rest_route=\/wp\/v2\/media\/10228"}],"wp:attachment":[{"href":"https:\/\/artburomaroc.com\/index.php?rest_route=%2Fwp%2Fv2%2Fmedia&parent=10227"}],"curies":[{"name":"wp","href":"https:\/\/api.w.org\/{rel}","templated":true}]}}