{"id":10181,"date":"2023-02-25T11:29:47","date_gmt":"2023-02-25T10:29:47","guid":{"rendered":"https:\/\/artburomaroc.com\/?post_type=product&#038;p=10181"},"modified":"2026-04-07T12:07:05","modified_gmt":"2026-04-07T10:07:05","slug":"art-fc-05-3","status":"publish","type":"product","link":"https:\/\/artburomaroc.com\/?product=art-fc-05-3","title":{"rendered":"ART-FC-05"},"content":{"rendered":"<p>REF : ART-FC-05 Fauteuil dossier HAUT avec tetiere<\/p>\n<p>&#8211; Pivotant, basculant<\/p>\n<p>&#8211; R\u00e9glable en hauteur,<\/p>\n<p>&#8211; PIETEMENT 5 branches CHROMEES<\/p>\n<p>&#8211; Rev\u00eatement EN tissu<\/p>\n<p>ART-FC-05-1 Fauteuil dossier STANDARD<\/p>\n<p>&#8211; Pivotant, basculant<\/p>\n<p>&#8211; R\u00e9glable en hauteur,<\/p>\n<p>&#8211; PIETEMENT 5 branches CHROMEES<\/p>\n<p>&#8211; Rev\u00eatement EN tissu<\/p>\n<p>ART-FC-05-2 Fauteuil dossier STANDARD<\/p>\n<p>&#8211; PIETEMENT luge<\/p>\n<p>&nbsp;<\/p>\n<p>&nbsp;<\/p>\n","protected":false},"excerpt":{"rendered":"<p>REF : ART-FC-05 Fauteuil dossier HAUT avec tetiere &#8211; Pivotant, basculant &#8211; R\u00e9glable en hauteur, &#8211; PIETEMENT 5 branches CHROMEES &#8211; Rev\u00eatement EN tissu ART-FC-05-1 Fauteuil dossier STANDARD &#8211; Pivotant, basculant &#8211; R\u00e9glable en hauteur, &#8211; PIETEMENT 5 branches CHROMEES &#8211; Rev\u00eatement EN tissu ART-FC-05-2 Fauteuil dossier STANDARD &#8211; PIETEMENT luge &nbsp; &nbsp;<\/p>\n","protected":false},"featured_media":10183,"comment_status":"open","ping_status":"closed","template":"","meta":[],"class_list":{"0":"post-10181","1":"product","2":"type-product","3":"status-publish","4":"has-post-thumbnail","6":"product_cat-sieges-de-bureau","7":"product_cat-fauteuils-collaborateur","10":"instock","11":"shipping-taxable","12":"purchasable","13":"product-type-simple"},"_links":{"self":[{"href":"https:\/\/artburomaroc.com\/index.php?rest_route=\/wp\/v2\/product\/10181","targetHints":{"allow":["GET"]}}],"collection":[{"href":"https:\/\/artburomaroc.com\/index.php?rest_route=\/wp\/v2\/product"}],"about":[{"href":"https:\/\/artburomaroc.com\/index.php?rest_route=\/wp\/v2\/types\/product"}],"replies":[{"embeddable":true,"href":"https:\/\/artburomaroc.com\/index.php?rest_route=%2Fwp%2Fv2%2Fcomments&post=10181"}],"wp:featuredmedia":[{"embeddable":true,"href":"https:\/\/artburomaroc.com\/index.php?rest_route=\/wp\/v2\/media\/10183"}],"wp:attachment":[{"href":"https:\/\/artburomaroc.com\/index.php?rest_route=%2Fwp%2Fv2%2Fmedia&parent=10181"}],"curies":[{"name":"wp","href":"https:\/\/api.w.org\/{rel}","templated":true}]}}