{"id":10165,"date":"2023-02-25T10:41:53","date_gmt":"2023-02-25T09:41:53","guid":{"rendered":"https:\/\/artburomaroc.com\/?post_type=product&#038;p=10165"},"modified":"2025-08-23T06:04:06","modified_gmt":"2025-08-23T04:04:06","slug":"art-fd-08","status":"publish","type":"product","link":"https:\/\/artburomaroc.com\/?product=art-fd-08","title":{"rendered":"ART-FD-08"},"content":{"rendered":"<p>ART-FD-07 FAUTEUIL DOSSIER HAUT AVEC T\u00caTI\u00c8RE INT\u00c9GR\u00c9<\/p>\n<p>ART-FD-07-1 FAUTEUIL DOSSIER STANDARD<\/p>\n<p>&#8211; PIETEMENT 5 BRANCHES EN ALUMINIUM POLI SUR ROULETTES<\/p>\n<p>&#8211; REGLAGE DE LA HAUTEUR D&rsquo;ASSISE PAR VERIN LIFT A GAZ<\/p>\n<p>&#8211; MECANISME SYNCHRONE<\/p>\n<p>&#8211; ACCOUDOIRS EN ALUMINIUM<\/p>\n<p><strong>&#8211; REVETEMENT EN CUIR PU<\/strong><\/p>\n<p>&nbsp;<\/p>\n","protected":false},"excerpt":{"rendered":"<p>ART-FD-07 FAUTEUIL DOSSIER HAUT AVEC T\u00caTI\u00c8RE INT\u00c9GR\u00c9 ART-FD-07-1 FAUTEUIL DOSSIER STANDARD &#8211; PIETEMENT 5 BRANCHES EN ALUMINIUM POLI SUR ROULETTES &#8211; REGLAGE DE LA HAUTEUR D&rsquo;ASSISE PAR VERIN LIFT A GAZ &#8211; MECANISME SYNCHRONE &#8211; ACCOUDOIRS EN ALUMINIUM &#8211; REVETEMENT EN CUIR PU &nbsp;<\/p>\n","protected":false},"featured_media":10166,"comment_status":"open","ping_status":"closed","template":"","meta":[],"class_list":{"0":"post-10165","1":"product","2":"type-product","3":"status-publish","4":"has-post-thumbnail","6":"product_cat-sieges-de-bureau","7":"product_cat-fauteuils-de-direction","10":"instock","11":"shipping-taxable","12":"product-type-simple"},"_links":{"self":[{"href":"https:\/\/artburomaroc.com\/index.php?rest_route=\/wp\/v2\/product\/10165","targetHints":{"allow":["GET"]}}],"collection":[{"href":"https:\/\/artburomaroc.com\/index.php?rest_route=\/wp\/v2\/product"}],"about":[{"href":"https:\/\/artburomaroc.com\/index.php?rest_route=\/wp\/v2\/types\/product"}],"replies":[{"embeddable":true,"href":"https:\/\/artburomaroc.com\/index.php?rest_route=%2Fwp%2Fv2%2Fcomments&post=10165"}],"wp:featuredmedia":[{"embeddable":true,"href":"https:\/\/artburomaroc.com\/index.php?rest_route=\/wp\/v2\/media\/10166"}],"wp:attachment":[{"href":"https:\/\/artburomaroc.com\/index.php?rest_route=%2Fwp%2Fv2%2Fmedia&parent=10165"}],"curies":[{"name":"wp","href":"https:\/\/api.w.org\/{rel}","templated":true}]}}