{"id":531,"date":"2016-06-15T00:24:04","date_gmt":"2016-06-14T22:24:04","guid":{"rendered":"http:\/\/demo.thembay.com\/megabuy2\/?page_id=531"},"modified":"2020-12-24T23:35:03","modified_gmt":"2020-12-24T22:35:03","slug":"nos-services","status":"publish","type":"page","link":"https:\/\/artburomaroc.com\/?page_id=531","title":{"rendered":"Nos Services"},"content":{"rendered":"\t\t<div data-elementor-type=\"wp-page\" data-elementor-id=\"531\" class=\"elementor elementor-531\" data-elementor-settings=\"[]\">\n\t\t\t\t\t\t<div class=\"elementor-inner\">\n\t\t\t\t\t\t\t<div class=\"elementor-section-wrap\">\n\t\t\t\t\t\t\t<section class=\"elementor-section elementor-top-section elementor-element elementor-element-1160d03 elementor-section-boxed elementor-section-height-default elementor-section-height-default\" data-id=\"1160d03\" data-element_type=\"section\">\n\t\t\t\t\t\t<div class=\"elementor-container elementor-column-gap-default\">\n\t\t\t\t\t\t\t<div class=\"elementor-row\">\n\t\t\t\t\t<div class=\"elementor-column elementor-col-100 elementor-top-column elementor-element elementor-element-82c1f9a\" data-id=\"82c1f9a\" data-element_type=\"column\">\n\t\t\t<div class=\"elementor-column-wrap elementor-element-populated\">\n\t\t\t\t\t\t\t<div class=\"elementor-widget-wrap\">\n\t\t\t\t\t\t<div class=\"elementor-element elementor-element-4970144 elementor-widget elementor-widget-heading\" data-id=\"4970144\" data-element_type=\"widget\" data-widget_type=\"heading.default\">\n\t\t\t\t<div class=\"elementor-widget-container\">\n\t\t\t<h2 class=\"elementor-heading-title elementor-size-default\"><h1 style=\"margin-top: 20px; margin-bottom: 10px; font-variant-numeric: normal; font-variant-east-asian: normal; font-stretch: normal; font-size: 34px; line-height: 48px; font-family: Montserrat; color: rgb(113, 8, 110); text-transform: uppercase; white-space: normal;\">LIVRAISON, INSTALLATION ET MONTAGE DE VOTRE MOBILIER PROFESSIONNEL<\/h1><\/h2>\t\t<\/div>\n\t\t\t\t<\/div>\n\t\t\t\t<div class=\"elementor-element elementor-element-e81b2ad elementor-widget elementor-widget-spacer\" data-id=\"e81b2ad\" data-element_type=\"widget\" data-widget_type=\"spacer.default\">\n\t\t\t\t<div class=\"elementor-widget-container\">\n\t\t\t\t\t<div class=\"elementor-spacer\">\n\t\t\t<div class=\"elementor-spacer-inner\"><\/div>\n\t\t<\/div>\n\t\t\t\t<\/div>\n\t\t\t\t<\/div>\n\t\t\t\t<div class=\"elementor-element elementor-element-deaff89 elementor-widget elementor-widget-image\" data-id=\"deaff89\" data-element_type=\"widget\" data-widget_type=\"image.default\">\n\t\t\t\t<div class=\"elementor-widget-container\">\n\t\t\t\t\t<div class=\"elementor-image\">\n\t\t\t\t\t\t\t\t\t\t<img loading=\"lazy\" decoding=\"async\" width=\"1800\" height=\"1015\" src=\"https:\/\/artburomaroc.com\/wp-content\/uploads\/2020\/12\/110270650_183218740075891_7910141703828865273_o.png\" class=\"attachment-full size-full\" alt=\"\" \/>\t\t\t\t\t\t\t\t\t\t\t<\/div>\n\t\t\t\t<\/div>\n\t\t\t\t<\/div>\n\t\t\t\t<div class=\"elementor-element elementor-element-81f34d8 elementor-widget elementor-widget-text-editor\" data-id=\"81f34d8\" data-element_type=\"widget\" data-widget_type=\"text-editor.default\">\n\t\t\t\t<div class=\"elementor-widget-container\">\n\t\t\t\t\t<div class=\"elementor-text-editor elementor-clearfix\"><p style=\"text-align: center;\"><strong>\u00a0<\/strong><\/p>\n<p style=\"text-align: center;\"><strong>ART BURO<\/strong> vous accompagnera pour la livraison, l\u2019organisation, l\u2019installation et le montage de votre <strong>mobilier professionnel<\/strong>, veillera au bon d\u00e9roulement de vos cloisonnements, habillages muraux, rev\u00eatements ou encore d\u00e9cors.<\/p>\n<p style=\"text-align: center;\">Des techniques bien ma\u00eetris\u00e9es et une <strong>exp\u00e9rience<\/strong> confirm\u00e9e feront de votre espace de travail une <strong>r\u00e9ussite<\/strong> au niveau du design, de l\u2019ex\u00e9cution, de l\u2019organisation de l\u2019installation et du montage, tout en respectant nos <strong>d\u00e9lais<\/strong> et nos contrats.<\/p><\/div>\n\t\t\t\t<\/div>\n\t\t\t\t<\/div>\n\t\t\t\t<div class=\"elementor-element elementor-element-9a7e46a elementor-widget elementor-widget-spacer\" data-id=\"9a7e46a\" data-element_type=\"widget\" data-widget_type=\"spacer.default\">\n\t\t\t\t<div class=\"elementor-widget-container\">\n\t\t\t\t\t<div class=\"elementor-spacer\">\n\t\t\t<div class=\"elementor-spacer-inner\"><\/div>\n\t\t<\/div>\n\t\t\t\t<\/div>\n\t\t\t\t<\/div>\n\t\t\t\t\t\t<\/div>\n\t\t\t\t\t<\/div>\n\t\t<\/div>\n\t\t\t\t\t\t\t\t<\/div>\n\t\t\t\t\t<\/div>\n\t\t<\/section>\n\t\t\t\t<section class=\"elementor-section elementor-top-section elementor-element elementor-element-59b4735 elementor-section-boxed elementor-section-height-default elementor-section-height-default\" data-id=\"59b4735\" data-element_type=\"section\">\n\t\t\t\t\t\t<div class=\"elementor-container elementor-column-gap-default\">\n\t\t\t\t\t\t\t<div class=\"elementor-row\">\n\t\t\t\t\t<div class=\"elementor-column elementor-col-100 elementor-top-column elementor-element elementor-element-68fb4cc\" data-id=\"68fb4cc\" data-element_type=\"column\">\n\t\t\t<div class=\"elementor-column-wrap elementor-element-populated\">\n\t\t\t\t\t\t\t<div class=\"elementor-widget-wrap\">\n\t\t\t\t\t\t<div class=\"elementor-element elementor-element-a1b13b2 elementor-align-center elementor-widget elementor-widget-button\" data-id=\"a1b13b2\" data-element_type=\"widget\" data-widget_type=\"button.default\">\n\t\t\t\t<div class=\"elementor-widget-container\">\n\t\t\t\t\t<div class=\"elementor-button-wrapper\">\n\t\t\t<a href=\"http:\/\/artburomaroc.com\/?page_id=3169#\" class=\"elementor-button-link elementor-button elementor-size-lg\" role=\"button\">\n\t\t\t\t\t\t<span class=\"elementor-button-content-wrapper\">\n\t\t\t\t\t\t<span class=\"elementor-button-text\">Parlons de votre projet !<\/span>\n\t\t<\/span>\n\t\t\t\t\t<\/a>\n\t\t<\/div>\n\t\t\t\t<\/div>\n\t\t\t\t<\/div>\n\t\t\t\t\t\t<\/div>\n\t\t\t\t\t<\/div>\n\t\t<\/div>\n\t\t\t\t\t\t\t\t<\/div>\n\t\t\t\t\t<\/div>\n\t\t<\/section>\n\t\t\t\t\t\t<\/div>\n\t\t\t\t\t\t<\/div>\n\t\t\t\t\t<\/div>\n\t\t","protected":false},"excerpt":{"rendered":"<p>LIVRAISON, INSTALLATION ET MONTAGE DE VOTRE MOBILIER PROFESSIONNEL \u00a0 ART BURO vous accompagnera pour la livraison, l\u2019organisation, l\u2019installation et le montage de votre mobilier professionnel, veillera au bon d\u00e9roulement de vos cloisonnements, habillages muraux, rev\u00eatements ou encore d\u00e9cors. Des techniques bien ma\u00eetris\u00e9es et une exp\u00e9rience confirm\u00e9e feront de votre espace de travail une r\u00e9ussite au &hellip; <a href=\"https:\/\/artburomaroc.com\/?page_id=531\" class=\"more-link\">Continue reading <span class=\"screen-reader-text\">Nos Services<\/span><\/a><\/p>\n","protected":false},"author":1,"featured_media":0,"parent":0,"menu_order":0,"comment_status":"closed","ping_status":"closed","template":"","meta":{"footnotes":""},"class_list":["post-531","page","type-page","status-publish","hentry"],"_links":{"self":[{"href":"https:\/\/artburomaroc.com\/index.php?rest_route=\/wp\/v2\/pages\/531","targetHints":{"allow":["GET"]}}],"collection":[{"href":"https:\/\/artburomaroc.com\/index.php?rest_route=\/wp\/v2\/pages"}],"about":[{"href":"https:\/\/artburomaroc.com\/index.php?rest_route=\/wp\/v2\/types\/page"}],"author":[{"embeddable":true,"href":"https:\/\/artburomaroc.com\/index.php?rest_route=\/wp\/v2\/users\/1"}],"replies":[{"embeddable":true,"href":"https:\/\/artburomaroc.com\/index.php?rest_route=%2Fwp%2Fv2%2Fcomments&post=531"}],"version-history":[{"count":0,"href":"https:\/\/artburomaroc.com\/index.php?rest_route=\/wp\/v2\/pages\/531\/revisions"}],"wp:attachment":[{"href":"https:\/\/artburomaroc.com\/index.php?rest_route=%2Fwp%2Fv2%2Fmedia&parent=531"}],"curies":[{"name":"wp","href":"https:\/\/api.w.org\/{rel}","templated":true}]}}